{"id":3528,"date":"2021-01-20T12:20:21","date_gmt":"2021-01-20T10:20:21","guid":{"rendered":"http:\/\/www.edufix.fi\/www\/?post_type=product&#038;p=3528"},"modified":"2021-01-20T12:27:36","modified_gmt":"2021-01-20T10:27:36","slug":"lukupaa-ae-lb-302c","status":"publish","type":"product","link":"https:\/\/www.edufix.fi\/www\/tuote\/lukupaa-ae-lb-302c\/","title":{"rendered":"Lukup\u00e4\u00e4 AE LB 302C"},"content":{"rendered":"","protected":false},"excerpt":{"rendered":"<p>Lukup\u00e4\u00e4: AE LB 302C<br \/>\nID: 315420-02<\/p>\n<p>1kpl, Paketti avattu, k\u00e4ytt\u00e4m\u00e4t\u00f6n<br \/>\n1kpl, Paketti avattu, ollut testik\u00e4yt\u00f6ss\u00e4<\/p>\n","protected":false},"featured_media":3529,"template":"","meta":{"_acf_changed":false,"_monsterinsights_skip_tracking":false,"_monsterinsights_sitenote_active":false,"_monsterinsights_sitenote_note":"","_monsterinsights_sitenote_category":0},"product_brand":[],"product_cat":[143],"product_tag":[],"class_list":{"0":"post-3528","1":"product","2":"type-product","3":"status-publish","4":"has-post-thumbnail","6":"product_cat-lukupaat","8":"first","9":"instock","10":"shipping-taxable","11":"product-type-simple"},"acf":[],"yoast_head":"<!-- This site is optimized with the Yoast SEO plugin v27.0 - https:\/\/yoast.com\/product\/yoast-seo-wordpress\/ -->\n<title>Lukup\u00e4\u00e4 AE LB 302C - Edufix<\/title>\n<meta name=\"description\" content=\"Lukup\u00e4\u00e4: AE LB 302C, ID: 315420-02\" \/>\n<meta name=\"robots\" content=\"index, follow, max-snippet:-1, max-image-preview:large, max-video-preview:-1\" \/>\n<link rel=\"canonical\" href=\"https:\/\/www.edufix.fi\/www\/tuote\/lukupaa-ae-lb-302c\/\" \/>\n<meta property=\"og:locale\" content=\"fi_FI\" \/>\n<meta property=\"og:type\" content=\"article\" \/>\n<meta property=\"og:title\" content=\"Lukup\u00e4\u00e4 AE LB 302C - Edufix\" \/>\n<meta property=\"og:description\" content=\"Lukup\u00e4\u00e4: AE LB 302C, ID: 315420-02\" \/>\n<meta property=\"og:url\" content=\"https:\/\/www.edufix.fi\/www\/tuote\/lukupaa-ae-lb-302c\/\" \/>\n<meta property=\"og:site_name\" content=\"Edufix\" \/>\n<meta property=\"article:modified_time\" content=\"2021-01-20T10:27:36+00:00\" \/>\n<meta property=\"og:image\" content=\"https:\/\/www.edufix.fi\/www\/wp-content\/uploads\/2021\/01\/315420-02-2-rotated.jpg\" \/>\n\t<meta property=\"og:image:width\" content=\"1349\" \/>\n\t<meta property=\"og:image:height\" content=\"1799\" \/>\n\t<meta property=\"og:image:type\" content=\"image\/jpeg\" \/>\n<meta name=\"twitter:card\" content=\"summary_large_image\" \/>\n<script type=\"application\/ld+json\" class=\"yoast-schema-graph\">{\"@context\":\"https:\/\/schema.org\",\"@graph\":[{\"@type\":\"WebPage\",\"@id\":\"https:\/\/www.edufix.fi\/www\/tuote\/lukupaa-ae-lb-302c\/\",\"url\":\"https:\/\/www.edufix.fi\/www\/tuote\/lukupaa-ae-lb-302c\/\",\"name\":\"Lukup\u00e4\u00e4 AE LB 302C - Edufix\",\"isPartOf\":{\"@id\":\"https:\/\/www.edufix.fi\/www\/#website\"},\"primaryImageOfPage\":{\"@id\":\"https:\/\/www.edufix.fi\/www\/tuote\/lukupaa-ae-lb-302c\/#primaryimage\"},\"image\":{\"@id\":\"https:\/\/www.edufix.fi\/www\/tuote\/lukupaa-ae-lb-302c\/#primaryimage\"},\"thumbnailUrl\":\"https:\/\/www.edufix.fi\/www\/wp-content\/uploads\/2021\/01\/315420-02-2-rotated.jpg\",\"datePublished\":\"2021-01-20T10:20:21+00:00\",\"dateModified\":\"2021-01-20T10:27:36+00:00\",\"description\":\"Lukup\u00e4\u00e4: AE LB 302C, ID: 315420-02\",\"breadcrumb\":{\"@id\":\"https:\/\/www.edufix.fi\/www\/tuote\/lukupaa-ae-lb-302c\/#breadcrumb\"},\"inLanguage\":\"fi\",\"potentialAction\":[{\"@type\":\"ReadAction\",\"target\":[\"https:\/\/www.edufix.fi\/www\/tuote\/lukupaa-ae-lb-302c\/\"]}]},{\"@type\":\"ImageObject\",\"inLanguage\":\"fi\",\"@id\":\"https:\/\/www.edufix.fi\/www\/tuote\/lukupaa-ae-lb-302c\/#primaryimage\",\"url\":\"https:\/\/www.edufix.fi\/www\/wp-content\/uploads\/2021\/01\/315420-02-2-rotated.jpg\",\"contentUrl\":\"https:\/\/www.edufix.fi\/www\/wp-content\/uploads\/2021\/01\/315420-02-2-rotated.jpg\",\"width\":1349,\"height\":1799},{\"@type\":\"BreadcrumbList\",\"@id\":\"https:\/\/www.edufix.fi\/www\/tuote\/lukupaa-ae-lb-302c\/#breadcrumb\",\"itemListElement\":[{\"@type\":\"ListItem\",\"position\":1,\"name\":\"Home\",\"item\":\"https:\/\/www.edufix.fi\/www\/fi\/etusivu\/\"},{\"@type\":\"ListItem\",\"position\":2,\"name\":\"Varastotuotteet\",\"item\":\"https:\/\/www.edufix.fi\/www\/fi\/varastotuotteet\/\"},{\"@type\":\"ListItem\",\"position\":3,\"name\":\"Lukup\u00e4\u00e4 AE LB 302C\"}]},{\"@type\":\"WebSite\",\"@id\":\"https:\/\/www.edufix.fi\/www\/#website\",\"url\":\"https:\/\/www.edufix.fi\/www\/\",\"name\":\"Edufix\",\"description\":\"Ty\u00f6st\u00f6koneiden varaosat ja huoltopalvelut\",\"publisher\":{\"@id\":\"https:\/\/www.edufix.fi\/www\/#organization\"},\"potentialAction\":[{\"@type\":\"SearchAction\",\"target\":{\"@type\":\"EntryPoint\",\"urlTemplate\":\"https:\/\/www.edufix.fi\/www\/?s={search_term_string}\"},\"query-input\":{\"@type\":\"PropertyValueSpecification\",\"valueRequired\":true,\"valueName\":\"search_term_string\"}}],\"inLanguage\":\"fi\"},{\"@type\":\"Organization\",\"@id\":\"https:\/\/www.edufix.fi\/www\/#organization\",\"name\":\"Edufix\",\"url\":\"https:\/\/www.edufix.fi\/www\/\",\"logo\":{\"@type\":\"ImageObject\",\"inLanguage\":\"fi\",\"@id\":\"https:\/\/www.edufix.fi\/www\/#\/schema\/logo\/image\/\",\"url\":\"https:\/\/www.edufix.fi\/www\/wp-content\/uploads\/2020\/09\/Edufix-logo-1.png\",\"contentUrl\":\"https:\/\/www.edufix.fi\/www\/wp-content\/uploads\/2020\/09\/Edufix-logo-1.png\",\"width\":2126,\"height\":593,\"caption\":\"Edufix\"},\"image\":{\"@id\":\"https:\/\/www.edufix.fi\/www\/#\/schema\/logo\/image\/\"}}]}<\/script>\n<!-- \/ Yoast SEO plugin. -->","yoast_head_json":{"title":"Lukup\u00e4\u00e4 AE LB 302C - Edufix","description":"Lukup\u00e4\u00e4: AE LB 302C, ID: 315420-02","robots":{"index":"index","follow":"follow","max-snippet":"max-snippet:-1","max-image-preview":"max-image-preview:large","max-video-preview":"max-video-preview:-1"},"canonical":"https:\/\/www.edufix.fi\/www\/tuote\/lukupaa-ae-lb-302c\/","og_locale":"fi_FI","og_type":"article","og_title":"Lukup\u00e4\u00e4 AE LB 302C - Edufix","og_description":"Lukup\u00e4\u00e4: AE LB 302C, ID: 315420-02","og_url":"https:\/\/www.edufix.fi\/www\/tuote\/lukupaa-ae-lb-302c\/","og_site_name":"Edufix","article_modified_time":"2021-01-20T10:27:36+00:00","og_image":[{"width":1349,"height":1799,"url":"https:\/\/www.edufix.fi\/www\/wp-content\/uploads\/2021\/01\/315420-02-2-rotated.jpg","type":"image\/jpeg"}],"twitter_card":"summary_large_image","schema":{"@context":"https:\/\/schema.org","@graph":[{"@type":"WebPage","@id":"https:\/\/www.edufix.fi\/www\/tuote\/lukupaa-ae-lb-302c\/","url":"https:\/\/www.edufix.fi\/www\/tuote\/lukupaa-ae-lb-302c\/","name":"Lukup\u00e4\u00e4 AE LB 302C - Edufix","isPartOf":{"@id":"https:\/\/www.edufix.fi\/www\/#website"},"primaryImageOfPage":{"@id":"https:\/\/www.edufix.fi\/www\/tuote\/lukupaa-ae-lb-302c\/#primaryimage"},"image":{"@id":"https:\/\/www.edufix.fi\/www\/tuote\/lukupaa-ae-lb-302c\/#primaryimage"},"thumbnailUrl":"https:\/\/www.edufix.fi\/www\/wp-content\/uploads\/2021\/01\/315420-02-2-rotated.jpg","datePublished":"2021-01-20T10:20:21+00:00","dateModified":"2021-01-20T10:27:36+00:00","description":"Lukup\u00e4\u00e4: AE LB 302C, ID: 315420-02","breadcrumb":{"@id":"https:\/\/www.edufix.fi\/www\/tuote\/lukupaa-ae-lb-302c\/#breadcrumb"},"inLanguage":"fi","potentialAction":[{"@type":"ReadAction","target":["https:\/\/www.edufix.fi\/www\/tuote\/lukupaa-ae-lb-302c\/"]}]},{"@type":"ImageObject","inLanguage":"fi","@id":"https:\/\/www.edufix.fi\/www\/tuote\/lukupaa-ae-lb-302c\/#primaryimage","url":"https:\/\/www.edufix.fi\/www\/wp-content\/uploads\/2021\/01\/315420-02-2-rotated.jpg","contentUrl":"https:\/\/www.edufix.fi\/www\/wp-content\/uploads\/2021\/01\/315420-02-2-rotated.jpg","width":1349,"height":1799},{"@type":"BreadcrumbList","@id":"https:\/\/www.edufix.fi\/www\/tuote\/lukupaa-ae-lb-302c\/#breadcrumb","itemListElement":[{"@type":"ListItem","position":1,"name":"Home","item":"https:\/\/www.edufix.fi\/www\/fi\/etusivu\/"},{"@type":"ListItem","position":2,"name":"Varastotuotteet","item":"https:\/\/www.edufix.fi\/www\/fi\/varastotuotteet\/"},{"@type":"ListItem","position":3,"name":"Lukup\u00e4\u00e4 AE LB 302C"}]},{"@type":"WebSite","@id":"https:\/\/www.edufix.fi\/www\/#website","url":"https:\/\/www.edufix.fi\/www\/","name":"Edufix","description":"Ty\u00f6st\u00f6koneiden varaosat ja huoltopalvelut","publisher":{"@id":"https:\/\/www.edufix.fi\/www\/#organization"},"potentialAction":[{"@type":"SearchAction","target":{"@type":"EntryPoint","urlTemplate":"https:\/\/www.edufix.fi\/www\/?s={search_term_string}"},"query-input":{"@type":"PropertyValueSpecification","valueRequired":true,"valueName":"search_term_string"}}],"inLanguage":"fi"},{"@type":"Organization","@id":"https:\/\/www.edufix.fi\/www\/#organization","name":"Edufix","url":"https:\/\/www.edufix.fi\/www\/","logo":{"@type":"ImageObject","inLanguage":"fi","@id":"https:\/\/www.edufix.fi\/www\/#\/schema\/logo\/image\/","url":"https:\/\/www.edufix.fi\/www\/wp-content\/uploads\/2020\/09\/Edufix-logo-1.png","contentUrl":"https:\/\/www.edufix.fi\/www\/wp-content\/uploads\/2020\/09\/Edufix-logo-1.png","width":2126,"height":593,"caption":"Edufix"},"image":{"@id":"https:\/\/www.edufix.fi\/www\/#\/schema\/logo\/image\/"}}]}},"_links":{"self":[{"href":"https:\/\/www.edufix.fi\/www\/wp-json\/wp\/v2\/product\/3528","targetHints":{"allow":["GET"]}}],"collection":[{"href":"https:\/\/www.edufix.fi\/www\/wp-json\/wp\/v2\/product"}],"about":[{"href":"https:\/\/www.edufix.fi\/www\/wp-json\/wp\/v2\/types\/product"}],"wp:featuredmedia":[{"embeddable":true,"href":"https:\/\/www.edufix.fi\/www\/wp-json\/wp\/v2\/media\/3529"}],"wp:attachment":[{"href":"https:\/\/www.edufix.fi\/www\/wp-json\/wp\/v2\/media?parent=3528"}],"wp:term":[{"taxonomy":"product_brand","embeddable":true,"href":"https:\/\/www.edufix.fi\/www\/wp-json\/wp\/v2\/product_brand?post=3528"},{"taxonomy":"product_cat","embeddable":true,"href":"https:\/\/www.edufix.fi\/www\/wp-json\/wp\/v2\/product_cat?post=3528"},{"taxonomy":"product_tag","embeddable":true,"href":"https:\/\/www.edufix.fi\/www\/wp-json\/wp\/v2\/product_tag?post=3528"}],"curies":[{"name":"wp","href":"https:\/\/api.w.org\/{rel}","templated":true}]}}