{"id":1448,"date":"2019-01-23T10:14:44","date_gmt":"2019-01-23T08:14:44","guid":{"rendered":"https:\/\/www.edufix.fi\/www\/?post_type=product&#038;p=1448"},"modified":"2019-01-23T10:14:44","modified_gmt":"2019-01-23T08:14:44","slug":"nikken-5ax-120-za-2-akselin-pyoropoyta-siemens-simodriveheidenhain-interface","status":"publish","type":"product","link":"https:\/\/www.edufix.fi\/www\/tuote\/nikken-5ax-120-za-2-akselin-pyoropoyta-siemens-simodriveheidenhain-interface\/","title":{"rendered":"Nikken 5AX-120 ZA 2-akselin py\u00f6r\u00f6p\u00f6yt\u00e4 + siemens simodrive+Heidenhain interface"},"content":{"rendered":"<p>Nikken 5AX-120 ZA\u00a0 2-akselin py\u00f6r\u00f6p\u00f6yt\u00e4<\/p>\n<p>2-axis siemens simodrive drive+Heidenhain interface<br \/>\nkaapelit,venttiilit,liittimet,k\u00e4ytt\u00f6ohjekirja<br \/>\n3-leukapakka<\/p>\n<p>date 10.3.2017<\/p>\n","protected":false},"excerpt":{"rendered":"<p>Nikken 5AX-120 ZA\u00a0 2-akselin py\u00f6r\u00f6p\u00f6yt\u00e4 2-axis siemens simodrive drive+Heidenhain interface kaapelit,venttiilit,liittimet,k\u00e4ytt\u00f6ohjekirja 3-leukapakka date 10.3.2017<\/p>\n","protected":false},"featured_media":1449,"template":"","meta":{"_acf_changed":false,"_monsterinsights_skip_tracking":false,"_monsterinsights_sitenote_active":false,"_monsterinsights_sitenote_note":"","_monsterinsights_sitenote_category":0},"product_brand":[],"product_cat":[33],"product_tag":[],"class_list":{"0":"post-1448","1":"product","2":"type-product","3":"status-publish","4":"has-post-thumbnail","6":"product_cat-kaytetyt-tuotteet","8":"first","9":"instock","10":"shipping-taxable","11":"product-type-simple"},"acf":[],"yoast_head":"<!-- This site is optimized with the Yoast SEO plugin v27.0 - https:\/\/yoast.com\/product\/yoast-seo-wordpress\/ -->\n<title>Nikken 5AX-120 ZA 2-akselin py\u00f6r\u00f6p\u00f6yt\u00e4 + siemens simodrive+Heidenhain interface - Edufix<\/title>\n<meta name=\"robots\" content=\"index, follow, max-snippet:-1, max-image-preview:large, max-video-preview:-1\" \/>\n<link rel=\"canonical\" href=\"https:\/\/www.edufix.fi\/www\/tuote\/nikken-5ax-120-za-2-akselin-pyoropoyta-siemens-simodriveheidenhain-interface\/\" \/>\n<meta property=\"og:locale\" content=\"fi_FI\" \/>\n<meta property=\"og:type\" content=\"article\" \/>\n<meta property=\"og:title\" content=\"Nikken 5AX-120 ZA 2-akselin py\u00f6r\u00f6p\u00f6yt\u00e4 + siemens simodrive+Heidenhain interface - Edufix\" \/>\n<meta property=\"og:description\" content=\"Nikken 5AX-120 ZA\u00a0 2-akselin py\u00f6r\u00f6p\u00f6yt\u00e4 2-axis siemens simodrive drive+Heidenhain interface kaapelit,venttiilit,liittimet,k\u00e4ytt\u00f6ohjekirja 3-leukapakka date 10.3.2017\" \/>\n<meta property=\"og:url\" content=\"https:\/\/www.edufix.fi\/www\/tuote\/nikken-5ax-120-za-2-akselin-pyoropoyta-siemens-simodriveheidenhain-interface\/\" \/>\n<meta property=\"og:site_name\" content=\"Edufix\" \/>\n<meta property=\"og:image\" content=\"https:\/\/www.edufix.fi\/www\/wp-content\/uploads\/2019\/01\/Nikken-5AX-120-ZA-edufix-siemens-heidenhein-pyoropoyta-1.jpg\" \/>\n\t<meta property=\"og:image:width\" content=\"1920\" \/>\n\t<meta property=\"og:image:height\" content=\"1080\" \/>\n\t<meta property=\"og:image:type\" content=\"image\/jpeg\" \/>\n<meta name=\"twitter:card\" content=\"summary_large_image\" \/>\n<script type=\"application\/ld+json\" class=\"yoast-schema-graph\">{\"@context\":\"https:\/\/schema.org\",\"@graph\":[{\"@type\":\"WebPage\",\"@id\":\"https:\/\/www.edufix.fi\/www\/tuote\/nikken-5ax-120-za-2-akselin-pyoropoyta-siemens-simodriveheidenhain-interface\/\",\"url\":\"https:\/\/www.edufix.fi\/www\/tuote\/nikken-5ax-120-za-2-akselin-pyoropoyta-siemens-simodriveheidenhain-interface\/\",\"name\":\"Nikken 5AX-120 ZA 2-akselin py\u00f6r\u00f6p\u00f6yt\u00e4 + siemens simodrive+Heidenhain interface - Edufix\",\"isPartOf\":{\"@id\":\"https:\/\/www.edufix.fi\/www\/#website\"},\"primaryImageOfPage\":{\"@id\":\"https:\/\/www.edufix.fi\/www\/tuote\/nikken-5ax-120-za-2-akselin-pyoropoyta-siemens-simodriveheidenhain-interface\/#primaryimage\"},\"image\":{\"@id\":\"https:\/\/www.edufix.fi\/www\/tuote\/nikken-5ax-120-za-2-akselin-pyoropoyta-siemens-simodriveheidenhain-interface\/#primaryimage\"},\"thumbnailUrl\":\"https:\/\/www.edufix.fi\/www\/wp-content\/uploads\/2019\/01\/Nikken-5AX-120-ZA-edufix-siemens-heidenhein-pyoropoyta-1.jpg\",\"datePublished\":\"2019-01-23T08:14:44+00:00\",\"breadcrumb\":{\"@id\":\"https:\/\/www.edufix.fi\/www\/tuote\/nikken-5ax-120-za-2-akselin-pyoropoyta-siemens-simodriveheidenhain-interface\/#breadcrumb\"},\"inLanguage\":\"fi\",\"potentialAction\":[{\"@type\":\"ReadAction\",\"target\":[\"https:\/\/www.edufix.fi\/www\/tuote\/nikken-5ax-120-za-2-akselin-pyoropoyta-siemens-simodriveheidenhain-interface\/\"]}]},{\"@type\":\"ImageObject\",\"inLanguage\":\"fi\",\"@id\":\"https:\/\/www.edufix.fi\/www\/tuote\/nikken-5ax-120-za-2-akselin-pyoropoyta-siemens-simodriveheidenhain-interface\/#primaryimage\",\"url\":\"https:\/\/www.edufix.fi\/www\/wp-content\/uploads\/2019\/01\/Nikken-5AX-120-ZA-edufix-siemens-heidenhein-pyoropoyta-1.jpg\",\"contentUrl\":\"https:\/\/www.edufix.fi\/www\/wp-content\/uploads\/2019\/01\/Nikken-5AX-120-ZA-edufix-siemens-heidenhein-pyoropoyta-1.jpg\",\"width\":1920,\"height\":1080,\"caption\":\"Nikken-5AX-120-ZA-edufix-siemens-heidenhein-pyoropoyta-1\"},{\"@type\":\"BreadcrumbList\",\"@id\":\"https:\/\/www.edufix.fi\/www\/tuote\/nikken-5ax-120-za-2-akselin-pyoropoyta-siemens-simodriveheidenhain-interface\/#breadcrumb\",\"itemListElement\":[{\"@type\":\"ListItem\",\"position\":1,\"name\":\"Home\",\"item\":\"https:\/\/www.edufix.fi\/www\/fi\/etusivu\/\"},{\"@type\":\"ListItem\",\"position\":2,\"name\":\"Varastotuotteet\",\"item\":\"https:\/\/www.edufix.fi\/www\/fi\/varastotuotteet\/\"},{\"@type\":\"ListItem\",\"position\":3,\"name\":\"Nikken 5AX-120 ZA 2-akselin py\u00f6r\u00f6p\u00f6yt\u00e4 + siemens simodrive+Heidenhain interface\"}]},{\"@type\":\"WebSite\",\"@id\":\"https:\/\/www.edufix.fi\/www\/#website\",\"url\":\"https:\/\/www.edufix.fi\/www\/\",\"name\":\"Edufix\",\"description\":\"Ty\u00f6st\u00f6koneiden varaosat ja huoltopalvelut\",\"publisher\":{\"@id\":\"https:\/\/www.edufix.fi\/www\/#organization\"},\"potentialAction\":[{\"@type\":\"SearchAction\",\"target\":{\"@type\":\"EntryPoint\",\"urlTemplate\":\"https:\/\/www.edufix.fi\/www\/?s={search_term_string}\"},\"query-input\":{\"@type\":\"PropertyValueSpecification\",\"valueRequired\":true,\"valueName\":\"search_term_string\"}}],\"inLanguage\":\"fi\"},{\"@type\":\"Organization\",\"@id\":\"https:\/\/www.edufix.fi\/www\/#organization\",\"name\":\"Edufix\",\"url\":\"https:\/\/www.edufix.fi\/www\/\",\"logo\":{\"@type\":\"ImageObject\",\"inLanguage\":\"fi\",\"@id\":\"https:\/\/www.edufix.fi\/www\/#\/schema\/logo\/image\/\",\"url\":\"https:\/\/www.edufix.fi\/www\/wp-content\/uploads\/2020\/09\/Edufix-logo-1.png\",\"contentUrl\":\"https:\/\/www.edufix.fi\/www\/wp-content\/uploads\/2020\/09\/Edufix-logo-1.png\",\"width\":2126,\"height\":593,\"caption\":\"Edufix\"},\"image\":{\"@id\":\"https:\/\/www.edufix.fi\/www\/#\/schema\/logo\/image\/\"}}]}<\/script>\n<!-- \/ Yoast SEO plugin. -->","yoast_head_json":{"title":"Nikken 5AX-120 ZA 2-akselin py\u00f6r\u00f6p\u00f6yt\u00e4 + siemens simodrive+Heidenhain interface - Edufix","robots":{"index":"index","follow":"follow","max-snippet":"max-snippet:-1","max-image-preview":"max-image-preview:large","max-video-preview":"max-video-preview:-1"},"canonical":"https:\/\/www.edufix.fi\/www\/tuote\/nikken-5ax-120-za-2-akselin-pyoropoyta-siemens-simodriveheidenhain-interface\/","og_locale":"fi_FI","og_type":"article","og_title":"Nikken 5AX-120 ZA 2-akselin py\u00f6r\u00f6p\u00f6yt\u00e4 + siemens simodrive+Heidenhain interface - Edufix","og_description":"Nikken 5AX-120 ZA\u00a0 2-akselin py\u00f6r\u00f6p\u00f6yt\u00e4 2-axis siemens simodrive drive+Heidenhain interface kaapelit,venttiilit,liittimet,k\u00e4ytt\u00f6ohjekirja 3-leukapakka date 10.3.2017","og_url":"https:\/\/www.edufix.fi\/www\/tuote\/nikken-5ax-120-za-2-akselin-pyoropoyta-siemens-simodriveheidenhain-interface\/","og_site_name":"Edufix","og_image":[{"width":1920,"height":1080,"url":"https:\/\/www.edufix.fi\/www\/wp-content\/uploads\/2019\/01\/Nikken-5AX-120-ZA-edufix-siemens-heidenhein-pyoropoyta-1.jpg","type":"image\/jpeg"}],"twitter_card":"summary_large_image","schema":{"@context":"https:\/\/schema.org","@graph":[{"@type":"WebPage","@id":"https:\/\/www.edufix.fi\/www\/tuote\/nikken-5ax-120-za-2-akselin-pyoropoyta-siemens-simodriveheidenhain-interface\/","url":"https:\/\/www.edufix.fi\/www\/tuote\/nikken-5ax-120-za-2-akselin-pyoropoyta-siemens-simodriveheidenhain-interface\/","name":"Nikken 5AX-120 ZA 2-akselin py\u00f6r\u00f6p\u00f6yt\u00e4 + siemens simodrive+Heidenhain interface - Edufix","isPartOf":{"@id":"https:\/\/www.edufix.fi\/www\/#website"},"primaryImageOfPage":{"@id":"https:\/\/www.edufix.fi\/www\/tuote\/nikken-5ax-120-za-2-akselin-pyoropoyta-siemens-simodriveheidenhain-interface\/#primaryimage"},"image":{"@id":"https:\/\/www.edufix.fi\/www\/tuote\/nikken-5ax-120-za-2-akselin-pyoropoyta-siemens-simodriveheidenhain-interface\/#primaryimage"},"thumbnailUrl":"https:\/\/www.edufix.fi\/www\/wp-content\/uploads\/2019\/01\/Nikken-5AX-120-ZA-edufix-siemens-heidenhein-pyoropoyta-1.jpg","datePublished":"2019-01-23T08:14:44+00:00","breadcrumb":{"@id":"https:\/\/www.edufix.fi\/www\/tuote\/nikken-5ax-120-za-2-akselin-pyoropoyta-siemens-simodriveheidenhain-interface\/#breadcrumb"},"inLanguage":"fi","potentialAction":[{"@type":"ReadAction","target":["https:\/\/www.edufix.fi\/www\/tuote\/nikken-5ax-120-za-2-akselin-pyoropoyta-siemens-simodriveheidenhain-interface\/"]}]},{"@type":"ImageObject","inLanguage":"fi","@id":"https:\/\/www.edufix.fi\/www\/tuote\/nikken-5ax-120-za-2-akselin-pyoropoyta-siemens-simodriveheidenhain-interface\/#primaryimage","url":"https:\/\/www.edufix.fi\/www\/wp-content\/uploads\/2019\/01\/Nikken-5AX-120-ZA-edufix-siemens-heidenhein-pyoropoyta-1.jpg","contentUrl":"https:\/\/www.edufix.fi\/www\/wp-content\/uploads\/2019\/01\/Nikken-5AX-120-ZA-edufix-siemens-heidenhein-pyoropoyta-1.jpg","width":1920,"height":1080,"caption":"Nikken-5AX-120-ZA-edufix-siemens-heidenhein-pyoropoyta-1"},{"@type":"BreadcrumbList","@id":"https:\/\/www.edufix.fi\/www\/tuote\/nikken-5ax-120-za-2-akselin-pyoropoyta-siemens-simodriveheidenhain-interface\/#breadcrumb","itemListElement":[{"@type":"ListItem","position":1,"name":"Home","item":"https:\/\/www.edufix.fi\/www\/fi\/etusivu\/"},{"@type":"ListItem","position":2,"name":"Varastotuotteet","item":"https:\/\/www.edufix.fi\/www\/fi\/varastotuotteet\/"},{"@type":"ListItem","position":3,"name":"Nikken 5AX-120 ZA 2-akselin py\u00f6r\u00f6p\u00f6yt\u00e4 + siemens simodrive+Heidenhain interface"}]},{"@type":"WebSite","@id":"https:\/\/www.edufix.fi\/www\/#website","url":"https:\/\/www.edufix.fi\/www\/","name":"Edufix","description":"Ty\u00f6st\u00f6koneiden varaosat ja huoltopalvelut","publisher":{"@id":"https:\/\/www.edufix.fi\/www\/#organization"},"potentialAction":[{"@type":"SearchAction","target":{"@type":"EntryPoint","urlTemplate":"https:\/\/www.edufix.fi\/www\/?s={search_term_string}"},"query-input":{"@type":"PropertyValueSpecification","valueRequired":true,"valueName":"search_term_string"}}],"inLanguage":"fi"},{"@type":"Organization","@id":"https:\/\/www.edufix.fi\/www\/#organization","name":"Edufix","url":"https:\/\/www.edufix.fi\/www\/","logo":{"@type":"ImageObject","inLanguage":"fi","@id":"https:\/\/www.edufix.fi\/www\/#\/schema\/logo\/image\/","url":"https:\/\/www.edufix.fi\/www\/wp-content\/uploads\/2020\/09\/Edufix-logo-1.png","contentUrl":"https:\/\/www.edufix.fi\/www\/wp-content\/uploads\/2020\/09\/Edufix-logo-1.png","width":2126,"height":593,"caption":"Edufix"},"image":{"@id":"https:\/\/www.edufix.fi\/www\/#\/schema\/logo\/image\/"}}]}},"_links":{"self":[{"href":"https:\/\/www.edufix.fi\/www\/wp-json\/wp\/v2\/product\/1448","targetHints":{"allow":["GET"]}}],"collection":[{"href":"https:\/\/www.edufix.fi\/www\/wp-json\/wp\/v2\/product"}],"about":[{"href":"https:\/\/www.edufix.fi\/www\/wp-json\/wp\/v2\/types\/product"}],"wp:featuredmedia":[{"embeddable":true,"href":"https:\/\/www.edufix.fi\/www\/wp-json\/wp\/v2\/media\/1449"}],"wp:attachment":[{"href":"https:\/\/www.edufix.fi\/www\/wp-json\/wp\/v2\/media?parent=1448"}],"wp:term":[{"taxonomy":"product_brand","embeddable":true,"href":"https:\/\/www.edufix.fi\/www\/wp-json\/wp\/v2\/product_brand?post=1448"},{"taxonomy":"product_cat","embeddable":true,"href":"https:\/\/www.edufix.fi\/www\/wp-json\/wp\/v2\/product_cat?post=1448"},{"taxonomy":"product_tag","embeddable":true,"href":"https:\/\/www.edufix.fi\/www\/wp-json\/wp\/v2\/product_tag?post=1448"}],"curies":[{"name":"wp","href":"https:\/\/api.w.org\/{rel}","templated":true}]}}