{"id":6556,"date":"2025-02-21T15:06:24","date_gmt":"2025-02-21T13:06:24","guid":{"rendered":"https:\/\/www.edufix.fi\/www\/?page_id=6556"},"modified":"2025-02-26T11:30:22","modified_gmt":"2025-02-26T09:30:22","slug":"vastaa-kyselyyn-lastuamisnesteista","status":"publish","type":"page","link":"https:\/\/www.edufix.fi\/www\/fi\/vastaa-kyselyyn-lastuamisnesteista\/","title":{"rendered":"Vastaa kyselyyn lastuamisnesteist\u00e4"},"content":{"rendered":"\t\t<div data-elementor-type=\"wp-page\" data-elementor-id=\"6556\" class=\"elementor elementor-6556\" data-elementor-settings=\"{&quot;ha_cmc_init_switcher&quot;:&quot;no&quot;}\">\n\t\t\t\t\t\t<section class=\"elementor-section elementor-top-section elementor-element elementor-element-07d27ba elementor-section-boxed elementor-section-height-default elementor-section-height-default\" data-id=\"07d27ba\" data-element_type=\"section\" data-e-type=\"section\" data-settings=\"{&quot;_ha_eqh_enable&quot;:false}\">\n\t\t\t\t\t\t<div class=\"elementor-container elementor-column-gap-default\">\n\t\t\t\t\t<div class=\"elementor-column elementor-col-100 elementor-top-column elementor-element elementor-element-065d208\" data-id=\"065d208\" data-element_type=\"column\" data-e-type=\"column\">\n\t\t\t<div class=\"elementor-widget-wrap elementor-element-populated\">\n\t\t\t\t\t\t<div class=\"elementor-element elementor-element-44a575d elementor-widget elementor-widget-image\" data-id=\"44a575d\" data-element_type=\"widget\" data-e-type=\"widget\" data-widget_type=\"image.default\">\n\t\t\t\t<div class=\"elementor-widget-container\">\n\t\t\t\t\t\t\t\t\t\t\t\t\t\t\t<img decoding=\"async\" width=\"200\" height=\"56\" src=\"https:\/\/www.edufix.fi\/www\/wp-content\/uploads\/2020\/09\/Edufix-logo_nega_1.png\" class=\"attachment-full size-full wp-image-3396\" alt=\"\" \/>\t\t\t\t\t\t\t\t\t\t\t\t\t\t\t<\/div>\n\t\t\t\t<\/div>\n\t\t\t\t\t<\/div>\n\t\t<\/div>\n\t\t\t\t\t<\/div>\n\t\t<\/section>\n\t\t\t\t<section class=\"elementor-section elementor-top-section elementor-element elementor-element-066d069 elementor-section-full_width elementor-section-height-default elementor-section-height-default\" data-id=\"066d069\" data-element_type=\"section\" data-e-type=\"section\" data-settings=\"{&quot;_ha_eqh_enable&quot;:false}\">\n\t\t\t\t\t\t<div class=\"elementor-container elementor-column-gap-default\">\n\t\t\t\t\t<div class=\"elementor-column elementor-col-100 elementor-top-column elementor-element elementor-element-85e67ec\" data-id=\"85e67ec\" data-element_type=\"column\" data-e-type=\"column\">\n\t\t\t<div class=\"elementor-widget-wrap elementor-element-populated\">\n\t\t\t\t\t\t<div class=\"elementor-element elementor-element-4d48806 elementor-widget elementor-widget-heading\" data-id=\"4d48806\" data-element_type=\"widget\" data-e-type=\"widget\" data-widget_type=\"heading.default\">\n\t\t\t\t<div class=\"elementor-widget-container\">\n\t\t\t\t\t<h2 class=\"elementor-heading-title elementor-size-default\">Vastaa kyselyyn lastuamisnesteist\u00e4<\/h2>\t\t\t\t<\/div>\n\t\t\t\t<\/div>\n\t\t\t\t<section class=\"elementor-section elementor-inner-section elementor-element elementor-element-9249555 elementor-section-boxed elementor-section-height-default elementor-section-height-default\" data-id=\"9249555\" data-element_type=\"section\" data-e-type=\"section\" data-settings=\"{&quot;_ha_eqh_enable&quot;:false}\">\n\t\t\t\t\t\t<div class=\"elementor-container elementor-column-gap-default\">\n\t\t\t\t\t<div class=\"elementor-column elementor-col-50 elementor-inner-column elementor-element elementor-element-7ae42a4\" data-id=\"7ae42a4\" data-element_type=\"column\" data-e-type=\"column\" data-settings=\"{&quot;background_background&quot;:&quot;classic&quot;}\">\n\t\t\t<div class=\"elementor-widget-wrap elementor-element-populated\">\n\t\t\t\t\t\t<div class=\"elementor-element elementor-element-6ca1904 elementor-widget elementor-widget-heading\" data-id=\"6ca1904\" data-element_type=\"widget\" data-e-type=\"widget\" data-widget_type=\"heading.default\">\n\t\t\t\t<div class=\"elementor-widget-container\">\n\t\t\t\t\t<h2 class=\"elementor-heading-title elementor-size-default\">Valitse kysely<br>johon haluat vastata.<\/h2>\t\t\t\t<\/div>\n\t\t\t\t<\/div>\n\t\t\t\t\t<\/div>\n\t\t<\/div>\n\t\t\t\t<div class=\"elementor-column elementor-col-50 elementor-inner-column elementor-element elementor-element-72634c2\" data-id=\"72634c2\" data-element_type=\"column\" data-e-type=\"column\" data-settings=\"{&quot;background_background&quot;:&quot;classic&quot;}\">\n\t\t\t<div class=\"elementor-widget-wrap elementor-element-populated\">\n\t\t\t\t\t\t<div class=\"elementor-element elementor-element-292e448 elementor-widget elementor-widget-heading\" data-id=\"292e448\" data-element_type=\"widget\" data-e-type=\"widget\" data-widget_type=\"heading.default\">\n\t\t\t\t<div class=\"elementor-widget-container\">\n\t\t\t\t\t<h2 class=\"elementor-heading-title elementor-size-default\">Hyv\u00e4 asiakkaamme, anna meille palautteesi Blaser lastuamisnesteist\u00e4:\nvalitse lomake alta ty\u00f6njohtaja tai koneistaja.<\/h2>\t\t\t\t<\/div>\n\t\t\t\t<\/div>\n\t\t\t\t<div class=\"elementor-element elementor-element-f08401f eael-hamburger--none eael_simple_menu_hamburger_disable_selected_menu_no eael-simple-menu-hamburger-align-right elementor-widget elementor-widget-eael-simple-menu\" data-id=\"f08401f\" data-element_type=\"widget\" data-e-type=\"widget\" data-widget_type=\"eael-simple-menu.default\">\n\t\t\t\t<div class=\"elementor-widget-container\">\n\t\t\t\t\t            <div data-hamburger-icon=\"&lt;i aria-hidden=&quot;true&quot; class=&quot;fas fa-bars&quot;&gt;&lt;\/i&gt;\" data-indicator-icon=\"&lt;i aria-hidden=&quot;true&quot; class=&quot;fas fa-angle-down&quot;&gt;&lt;\/i&gt;\" data-dropdown-indicator-icon=\"&lt;i class=&quot;fas fa-angle-down&quot;&gt;&lt;\/i&gt;\" class=\"eael-simple-menu-container eael-simple-menu-align-left eael-simple-menu-dropdown-align-left preset-1\" data-hamburger-breakpoints=\"{&quot;mobile&quot;:&quot;Mobiili pystyss\\u00e4 (&gt; 767px)&quot;,&quot;tablet&quot;:&quot;Tablet Portrait (&gt; 1024px)&quot;,&quot;desktop&quot;:&quot;Desktop (&gt; 2400px)&quot;,&quot;none&quot;:&quot;None&quot;}\" data-hamburger-device=\"none\">\n                <ul id=\"menu-kyselyt-blaser-asiakkaille\" class=\"eael-simple-menu eael-simple-menu-dropdown-animate-to-top eael-simple-menu-indicator eael-simple-menu-vertical\"><li id=\"menu-item-6560\" class=\"menu-item menu-item-type-custom menu-item-object-custom menu-item-6560\"><a href=\"https:\/\/forms.gle\/GhyLY11jrvVGHN4E7\">Blaser asiakastyytyv\u00e4isyyskysely ty\u00f6njohtajalle >><\/a><\/li>\n<li id=\"menu-item-6561\" class=\"menu-item menu-item-type-custom menu-item-object-custom menu-item-6561\"><a href=\"https:\/\/forms.gle\/6iDcChjS6qAXSJ4U9\">Blaser asiakastyytyv\u00e4isyyskysely koneistajalle >><\/a><\/li>\n<\/ul>                <button class=\"eael-simple-menu-toggle\">\n                    <span class=\"sr-only \">Hamburger Toggle Menu<\/span>\n                    <i aria-hidden=\"true\" class=\"fas fa-bars\"><\/i>                <\/button>\n            <\/div>\n            \t\t\t\t<\/div>\n\t\t\t\t<\/div>\n\t\t\t\t<div class=\"elementor-element elementor-element-5a14ee8 elementor-widget elementor-widget-heading\" data-id=\"5a14ee8\" data-element_type=\"widget\" data-e-type=\"widget\" data-widget_type=\"heading.default\">\n\t\t\t\t<div class=\"elementor-widget-container\">\n\t\t\t\t\t<h2 class=\"elementor-heading-title elementor-size-default\">Jos et viel\u00e4 ole Blaser asiakas, mit\u00e4 lastuamisnesteit\u00e4 k\u00e4yt\u00e4tte:\nvalitse lomake alta ty\u00f6njohtaja tai koneistaja.<\/h2>\t\t\t\t<\/div>\n\t\t\t\t<\/div>\n\t\t\t\t<div class=\"elementor-element elementor-element-cdf2506 eael-hamburger--none eael_simple_menu_hamburger_disable_selected_menu_no eael-simple-menu-hamburger-align-right elementor-widget elementor-widget-eael-simple-menu\" data-id=\"cdf2506\" data-element_type=\"widget\" data-e-type=\"widget\" data-widget_type=\"eael-simple-menu.default\">\n\t\t\t\t<div class=\"elementor-widget-container\">\n\t\t\t\t\t            <div data-hamburger-icon=\"&lt;i aria-hidden=&quot;true&quot; class=&quot;fas fa-bars&quot;&gt;&lt;\/i&gt;\" data-indicator-icon=\"&lt;i aria-hidden=&quot;true&quot; class=&quot;fas fa-angle-down&quot;&gt;&lt;\/i&gt;\" data-dropdown-indicator-icon=\"&lt;i class=&quot;fas fa-angle-down&quot;&gt;&lt;\/i&gt;\" class=\"eael-simple-menu-container eael-simple-menu-align-left eael-simple-menu-dropdown-align-left preset-1\" data-hamburger-breakpoints=\"{&quot;mobile&quot;:&quot;Mobiili pystyss\\u00e4 (&gt; 767px)&quot;,&quot;tablet&quot;:&quot;Tablet Portrait (&gt; 1024px)&quot;,&quot;desktop&quot;:&quot;Desktop (&gt; 2400px)&quot;,&quot;none&quot;:&quot;None&quot;}\" data-hamburger-device=\"none\">\n                <ul id=\"menu-kyselyt-muille\" class=\"eael-simple-menu eael-simple-menu-dropdown-animate-to-top eael-simple-menu-indicator eael-simple-menu-vertical\"><li id=\"menu-item-6647\" class=\"menu-item menu-item-type-custom menu-item-object-custom menu-item-6647\"><a href=\"https:\/\/forms.gle\/gyZPzwJxpbS7MDz18\">Lastuamisneste asiakaskysely ty\u00f6njohtajalle >><\/a><\/li>\n<li id=\"menu-item-6648\" class=\"menu-item menu-item-type-custom menu-item-object-custom menu-item-6648\"><a href=\"https:\/\/forms.gle\/b49JoMzZTTBWTDo99\">Lastuamisneste asiakaskysely koneistajalle >><\/a><\/li>\n<\/ul>                <button class=\"eael-simple-menu-toggle\">\n                    <span class=\"sr-only \">Hamburger Toggle Menu<\/span>\n                    <i aria-hidden=\"true\" class=\"fas fa-bars\"><\/i>                <\/button>\n            <\/div>\n            \t\t\t\t<\/div>\n\t\t\t\t<\/div>\n\t\t\t\t\t<\/div>\n\t\t<\/div>\n\t\t\t\t\t<\/div>\n\t\t<\/section>\n\t\t\t\t\t<\/div>\n\t\t<\/div>\n\t\t\t\t\t<\/div>\n\t\t<\/section>\n\t\t\t\t<\/div>\n\t\t","protected":false},"excerpt":{"rendered":"<p>Vastaa kyselyyn lastuamisnesteist\u00e4 Valitse kyselyjohon haluat vastata. Hyv\u00e4 asiakkaamme, anna meille palautteesi Blaser lastuamisnesteist\u00e4: valitse lomake alta ty\u00f6njohtaja tai koneistaja. Blaser asiakastyytyv\u00e4isyyskysely ty\u00f6njohtajalle >> Blaser asiakastyytyv\u00e4isyyskysely koneistajalle >> Hamburger Toggle Menu Jos et viel\u00e4 ole Blaser asiakas, mit\u00e4 lastuamisnesteit\u00e4 k\u00e4yt\u00e4tte: valitse lomake alta ty\u00f6njohtaja tai koneistaja. Lastuamisneste asiakaskysely ty\u00f6njohtajalle >> Lastuamisneste asiakaskysely koneistajalle >> Hamburger [&hellip;]<\/p>\n","protected":false},"author":1,"featured_media":0,"parent":0,"menu_order":0,"comment_status":"closed","ping_status":"closed","template":"elementor_canvas","meta":{"_acf_changed":false,"_monsterinsights_skip_tracking":false,"_monsterinsights_sitenote_active":false,"_monsterinsights_sitenote_note":"","_monsterinsights_sitenote_category":0,"footnotes":""},"categories":[],"tags":[],"class_list":["post-6556","page","type-page","status-publish","hentry"],"acf":[],"yoast_head":"<!-- This site is optimized with the Yoast SEO plugin v27.0 - https:\/\/yoast.com\/product\/yoast-seo-wordpress\/ -->\n<title>Vastaa kyselyyn lastuamisnesteist\u00e4 - Edufix<\/title>\n<meta name=\"robots\" content=\"index, follow, max-snippet:-1, max-image-preview:large, max-video-preview:-1\" \/>\n<link rel=\"canonical\" href=\"https:\/\/www.edufix.fi\/www\/fi\/vastaa-kyselyyn-lastuamisnesteista\/\" \/>\n<meta property=\"og:locale\" content=\"fi_FI\" \/>\n<meta property=\"og:type\" content=\"article\" \/>\n<meta property=\"og:title\" content=\"Vastaa kyselyyn lastuamisnesteist\u00e4 - Edufix\" \/>\n<meta property=\"og:description\" content=\"Vastaa kyselyyn lastuamisnesteist\u00e4 Valitse kyselyjohon haluat vastata. Hyv\u00e4 asiakkaamme, anna meille palautteesi Blaser lastuamisnesteist\u00e4: valitse lomake alta ty\u00f6njohtaja tai koneistaja. Blaser asiakastyytyv\u00e4isyyskysely ty\u00f6njohtajalle &gt;&gt; Blaser asiakastyytyv\u00e4isyyskysely koneistajalle &gt;&gt; Hamburger Toggle Menu Jos et viel\u00e4 ole Blaser asiakas, mit\u00e4 lastuamisnesteit\u00e4 k\u00e4yt\u00e4tte: valitse lomake alta ty\u00f6njohtaja tai koneistaja. Lastuamisneste asiakaskysely ty\u00f6njohtajalle &gt;&gt; Lastuamisneste asiakaskysely koneistajalle &gt;&gt; Hamburger [&hellip;]\" \/>\n<meta property=\"og:url\" content=\"https:\/\/www.edufix.fi\/www\/fi\/vastaa-kyselyyn-lastuamisnesteista\/\" \/>\n<meta property=\"og:site_name\" content=\"Edufix\" \/>\n<meta property=\"article:modified_time\" content=\"2025-02-26T09:30:22+00:00\" \/>\n<meta property=\"og:image\" content=\"https:\/\/www.edufix.fi\/www\/wp-content\/uploads\/2020\/09\/Edufix-logo_nega_1.png\" \/>\n\t<meta property=\"og:image:width\" content=\"200\" \/>\n\t<meta property=\"og:image:height\" content=\"56\" \/>\n\t<meta property=\"og:image:type\" content=\"image\/png\" \/>\n<meta name=\"twitter:card\" content=\"summary_large_image\" \/>\n<meta name=\"twitter:label1\" content=\"Arvioitu lukuaika\" \/>\n\t<meta name=\"twitter:data1\" content=\"1 minuutti\" \/>\n<script type=\"application\/ld+json\" class=\"yoast-schema-graph\">{\"@context\":\"https:\/\/schema.org\",\"@graph\":[{\"@type\":\"WebPage\",\"@id\":\"https:\/\/www.edufix.fi\/www\/fi\/vastaa-kyselyyn-lastuamisnesteista\/\",\"url\":\"https:\/\/www.edufix.fi\/www\/fi\/vastaa-kyselyyn-lastuamisnesteista\/\",\"name\":\"Vastaa kyselyyn lastuamisnesteist\u00e4 - Edufix\",\"isPartOf\":{\"@id\":\"https:\/\/www.edufix.fi\/www\/#website\"},\"primaryImageOfPage\":{\"@id\":\"https:\/\/www.edufix.fi\/www\/fi\/vastaa-kyselyyn-lastuamisnesteista\/#primaryimage\"},\"image\":{\"@id\":\"https:\/\/www.edufix.fi\/www\/fi\/vastaa-kyselyyn-lastuamisnesteista\/#primaryimage\"},\"thumbnailUrl\":\"https:\/\/www.edufix.fi\/www\/wp-content\/uploads\/2020\/09\/Edufix-logo_nega_1.png\",\"datePublished\":\"2025-02-21T13:06:24+00:00\",\"dateModified\":\"2025-02-26T09:30:22+00:00\",\"breadcrumb\":{\"@id\":\"https:\/\/www.edufix.fi\/www\/fi\/vastaa-kyselyyn-lastuamisnesteista\/#breadcrumb\"},\"inLanguage\":\"fi\",\"potentialAction\":[{\"@type\":\"ReadAction\",\"target\":[\"https:\/\/www.edufix.fi\/www\/fi\/vastaa-kyselyyn-lastuamisnesteista\/\"]}]},{\"@type\":\"ImageObject\",\"inLanguage\":\"fi\",\"@id\":\"https:\/\/www.edufix.fi\/www\/fi\/vastaa-kyselyyn-lastuamisnesteista\/#primaryimage\",\"url\":\"https:\/\/www.edufix.fi\/www\/wp-content\/uploads\/2020\/09\/Edufix-logo_nega_1.png\",\"contentUrl\":\"https:\/\/www.edufix.fi\/www\/wp-content\/uploads\/2020\/09\/Edufix-logo_nega_1.png\",\"width\":200,\"height\":56},{\"@type\":\"BreadcrumbList\",\"@id\":\"https:\/\/www.edufix.fi\/www\/fi\/vastaa-kyselyyn-lastuamisnesteista\/#breadcrumb\",\"itemListElement\":[{\"@type\":\"ListItem\",\"position\":1,\"name\":\"Home\",\"item\":\"https:\/\/www.edufix.fi\/www\/fi\/etusivu\/\"},{\"@type\":\"ListItem\",\"position\":2,\"name\":\"Vastaa kyselyyn lastuamisnesteist\u00e4\"}]},{\"@type\":\"WebSite\",\"@id\":\"https:\/\/www.edufix.fi\/www\/#website\",\"url\":\"https:\/\/www.edufix.fi\/www\/\",\"name\":\"Edufix\",\"description\":\"Ty\u00f6st\u00f6koneiden varaosat ja huoltopalvelut\",\"publisher\":{\"@id\":\"https:\/\/www.edufix.fi\/www\/#organization\"},\"potentialAction\":[{\"@type\":\"SearchAction\",\"target\":{\"@type\":\"EntryPoint\",\"urlTemplate\":\"https:\/\/www.edufix.fi\/www\/?s={search_term_string}\"},\"query-input\":{\"@type\":\"PropertyValueSpecification\",\"valueRequired\":true,\"valueName\":\"search_term_string\"}}],\"inLanguage\":\"fi\"},{\"@type\":\"Organization\",\"@id\":\"https:\/\/www.edufix.fi\/www\/#organization\",\"name\":\"Edufix\",\"url\":\"https:\/\/www.edufix.fi\/www\/\",\"logo\":{\"@type\":\"ImageObject\",\"inLanguage\":\"fi\",\"@id\":\"https:\/\/www.edufix.fi\/www\/#\/schema\/logo\/image\/\",\"url\":\"https:\/\/www.edufix.fi\/www\/wp-content\/uploads\/2020\/09\/Edufix-logo-1.png\",\"contentUrl\":\"https:\/\/www.edufix.fi\/www\/wp-content\/uploads\/2020\/09\/Edufix-logo-1.png\",\"width\":2126,\"height\":593,\"caption\":\"Edufix\"},\"image\":{\"@id\":\"https:\/\/www.edufix.fi\/www\/#\/schema\/logo\/image\/\"}}]}<\/script>\n<!-- \/ Yoast SEO plugin. -->","yoast_head_json":{"title":"Vastaa kyselyyn lastuamisnesteist\u00e4 - Edufix","robots":{"index":"index","follow":"follow","max-snippet":"max-snippet:-1","max-image-preview":"max-image-preview:large","max-video-preview":"max-video-preview:-1"},"canonical":"https:\/\/www.edufix.fi\/www\/fi\/vastaa-kyselyyn-lastuamisnesteista\/","og_locale":"fi_FI","og_type":"article","og_title":"Vastaa kyselyyn lastuamisnesteist\u00e4 - Edufix","og_description":"Vastaa kyselyyn lastuamisnesteist\u00e4 Valitse kyselyjohon haluat vastata. Hyv\u00e4 asiakkaamme, anna meille palautteesi Blaser lastuamisnesteist\u00e4: valitse lomake alta ty\u00f6njohtaja tai koneistaja. Blaser asiakastyytyv\u00e4isyyskysely ty\u00f6njohtajalle >> Blaser asiakastyytyv\u00e4isyyskysely koneistajalle >> Hamburger Toggle Menu Jos et viel\u00e4 ole Blaser asiakas, mit\u00e4 lastuamisnesteit\u00e4 k\u00e4yt\u00e4tte: valitse lomake alta ty\u00f6njohtaja tai koneistaja. Lastuamisneste asiakaskysely ty\u00f6njohtajalle >> Lastuamisneste asiakaskysely koneistajalle >> Hamburger [&hellip;]","og_url":"https:\/\/www.edufix.fi\/www\/fi\/vastaa-kyselyyn-lastuamisnesteista\/","og_site_name":"Edufix","article_modified_time":"2025-02-26T09:30:22+00:00","og_image":[{"width":200,"height":56,"url":"https:\/\/www.edufix.fi\/www\/wp-content\/uploads\/2020\/09\/Edufix-logo_nega_1.png","type":"image\/png"}],"twitter_card":"summary_large_image","twitter_misc":{"Arvioitu lukuaika":"1 minuutti"},"schema":{"@context":"https:\/\/schema.org","@graph":[{"@type":"WebPage","@id":"https:\/\/www.edufix.fi\/www\/fi\/vastaa-kyselyyn-lastuamisnesteista\/","url":"https:\/\/www.edufix.fi\/www\/fi\/vastaa-kyselyyn-lastuamisnesteista\/","name":"Vastaa kyselyyn lastuamisnesteist\u00e4 - Edufix","isPartOf":{"@id":"https:\/\/www.edufix.fi\/www\/#website"},"primaryImageOfPage":{"@id":"https:\/\/www.edufix.fi\/www\/fi\/vastaa-kyselyyn-lastuamisnesteista\/#primaryimage"},"image":{"@id":"https:\/\/www.edufix.fi\/www\/fi\/vastaa-kyselyyn-lastuamisnesteista\/#primaryimage"},"thumbnailUrl":"https:\/\/www.edufix.fi\/www\/wp-content\/uploads\/2020\/09\/Edufix-logo_nega_1.png","datePublished":"2025-02-21T13:06:24+00:00","dateModified":"2025-02-26T09:30:22+00:00","breadcrumb":{"@id":"https:\/\/www.edufix.fi\/www\/fi\/vastaa-kyselyyn-lastuamisnesteista\/#breadcrumb"},"inLanguage":"fi","potentialAction":[{"@type":"ReadAction","target":["https:\/\/www.edufix.fi\/www\/fi\/vastaa-kyselyyn-lastuamisnesteista\/"]}]},{"@type":"ImageObject","inLanguage":"fi","@id":"https:\/\/www.edufix.fi\/www\/fi\/vastaa-kyselyyn-lastuamisnesteista\/#primaryimage","url":"https:\/\/www.edufix.fi\/www\/wp-content\/uploads\/2020\/09\/Edufix-logo_nega_1.png","contentUrl":"https:\/\/www.edufix.fi\/www\/wp-content\/uploads\/2020\/09\/Edufix-logo_nega_1.png","width":200,"height":56},{"@type":"BreadcrumbList","@id":"https:\/\/www.edufix.fi\/www\/fi\/vastaa-kyselyyn-lastuamisnesteista\/#breadcrumb","itemListElement":[{"@type":"ListItem","position":1,"name":"Home","item":"https:\/\/www.edufix.fi\/www\/fi\/etusivu\/"},{"@type":"ListItem","position":2,"name":"Vastaa kyselyyn lastuamisnesteist\u00e4"}]},{"@type":"WebSite","@id":"https:\/\/www.edufix.fi\/www\/#website","url":"https:\/\/www.edufix.fi\/www\/","name":"Edufix","description":"Ty\u00f6st\u00f6koneiden varaosat ja huoltopalvelut","publisher":{"@id":"https:\/\/www.edufix.fi\/www\/#organization"},"potentialAction":[{"@type":"SearchAction","target":{"@type":"EntryPoint","urlTemplate":"https:\/\/www.edufix.fi\/www\/?s={search_term_string}"},"query-input":{"@type":"PropertyValueSpecification","valueRequired":true,"valueName":"search_term_string"}}],"inLanguage":"fi"},{"@type":"Organization","@id":"https:\/\/www.edufix.fi\/www\/#organization","name":"Edufix","url":"https:\/\/www.edufix.fi\/www\/","logo":{"@type":"ImageObject","inLanguage":"fi","@id":"https:\/\/www.edufix.fi\/www\/#\/schema\/logo\/image\/","url":"https:\/\/www.edufix.fi\/www\/wp-content\/uploads\/2020\/09\/Edufix-logo-1.png","contentUrl":"https:\/\/www.edufix.fi\/www\/wp-content\/uploads\/2020\/09\/Edufix-logo-1.png","width":2126,"height":593,"caption":"Edufix"},"image":{"@id":"https:\/\/www.edufix.fi\/www\/#\/schema\/logo\/image\/"}}]}},"_links":{"self":[{"href":"https:\/\/www.edufix.fi\/www\/wp-json\/wp\/v2\/pages\/6556","targetHints":{"allow":["GET"]}}],"collection":[{"href":"https:\/\/www.edufix.fi\/www\/wp-json\/wp\/v2\/pages"}],"about":[{"href":"https:\/\/www.edufix.fi\/www\/wp-json\/wp\/v2\/types\/page"}],"author":[{"embeddable":true,"href":"https:\/\/www.edufix.fi\/www\/wp-json\/wp\/v2\/users\/1"}],"replies":[{"embeddable":true,"href":"https:\/\/www.edufix.fi\/www\/wp-json\/wp\/v2\/comments?post=6556"}],"version-history":[{"count":51,"href":"https:\/\/www.edufix.fi\/www\/wp-json\/wp\/v2\/pages\/6556\/revisions"}],"predecessor-version":[{"id":6660,"href":"https:\/\/www.edufix.fi\/www\/wp-json\/wp\/v2\/pages\/6556\/revisions\/6660"}],"wp:attachment":[{"href":"https:\/\/www.edufix.fi\/www\/wp-json\/wp\/v2\/media?parent=6556"}],"wp:term":[{"taxonomy":"category","embeddable":true,"href":"https:\/\/www.edufix.fi\/www\/wp-json\/wp\/v2\/categories?post=6556"},{"taxonomy":"post_tag","embeddable":true,"href":"https:\/\/www.edufix.fi\/www\/wp-json\/wp\/v2\/tags?post=6556"}],"curies":[{"name":"wp","href":"https:\/\/api.w.org\/{rel}","templated":true}]}}